{"id":228,"date":"2019-08-01T13:14:13","date_gmt":"2019-08-01T13:14:13","guid":{"rendered":"http:\/\/medify.wgl-demo.net\/?page_id=228"},"modified":"2024-05-07T17:43:52","modified_gmt":"2024-05-07T17:43:52","slug":"contacts","status":"publish","type":"page","link":"https:\/\/saludsiguenza.es\/?page_id=228","title":{"rendered":"Contactar"},"content":{"rendered":"<p>Contactar                <\/p>\n<h3>Estamos en:                 <\/h3>\n<p>No dude en llamarnos para cualquier consulta o atenci\u00f3n que necesite<\/p>\n<h3>Llamar 24\/7<\/h3>\n<p>+34 686 357 922<\/p>\n<p><a href=\"#\"><\/a>\t\t<\/p>\n<h3>Correo electr\u00f3nico<\/h3>\n<p>consulta@saludsiguenza.es<\/p>\n<p><a href=\"#\"><\/a>\t\t<\/p>\n<h3>Localizaci\u00f3n<\/h3>\n<p>Parque Sta. Librada, 7 Bajo<br \/>19250-Sig\u00fcenza<\/p>\n<p><a href=\"#\"><\/a><br \/>\n\t\t\tFormulario                <\/p>\n<h3>Contacte por escrito                 <\/h3>\n\n<div class=\"wpcf7 no-js\" id=\"wpcf7-f241-o1\" lang=\"en-US\" dir=\"ltr\" data-wpcf7-id=\"241\">\n<div class=\"screen-reader-response\"><p role=\"status\" aria-live=\"polite\" aria-atomic=\"true\"><\/p> <ul><\/ul><\/div>\n<form action=\"\/index.php?rest_route=%2Fwp%2Fv2%2Fpages%2F228#wpcf7-f241-o1\" method=\"post\" class=\"wpcf7-form init\" aria-label=\"Contact form\" novalidate=\"novalidate\" data-status=\"init\">\n<fieldset class=\"hidden-fields-container\"><input type=\"hidden\" name=\"_wpcf7\" value=\"241\" \/><input type=\"hidden\" name=\"_wpcf7_version\" value=\"6.1.1\" \/><input type=\"hidden\" name=\"_wpcf7_locale\" value=\"en_US\" \/><input type=\"hidden\" name=\"_wpcf7_unit_tag\" value=\"wpcf7-f241-o1\" \/><input type=\"hidden\" name=\"_wpcf7_container_post\" value=\"0\" \/><input type=\"hidden\" name=\"_wpcf7_posted_data_hash\" value=\"\" \/><input type=\"hidden\" name=\"_wpcf7_recaptcha_response\" value=\"\" \/>\n<\/fieldset>\n<div class='row'>\n<div class='wgl_col-6'>\n<span class=\"wpcf7-form-control-wrap\" data-name=\"text-759\"><input size=\"40\" maxlength=\"400\" class=\"wpcf7-form-control wpcf7-text\" aria-invalid=\"false\" placeholder=\"Nombre *\" value=\"\" type=\"text\" name=\"text-759\" \/><\/span>\n<\/div>\n<div class='wgl_col-6'>\n<span class=\"wpcf7-form-control-wrap\" data-name=\"email-613\"><input size=\"40\" maxlength=\"400\" class=\"wpcf7-form-control wpcf7-email wpcf7-validates-as-required wpcf7-text wpcf7-validates-as-email\" aria-required=\"true\" aria-invalid=\"false\" placeholder=\"Correo electr\u00f3nico *\" value=\"\" type=\"email\" name=\"email-613\" \/><\/span>\n<\/div>\n<div class='wgl_col-12'>\n<span class=\"wpcf7-form-control-wrap\" data-name=\"text-614\"><input size=\"40\" maxlength=\"400\" class=\"wpcf7-form-control wpcf7-text\" aria-invalid=\"false\" placeholder=\"Asunto\" value=\"\" type=\"text\" name=\"text-614\" \/><\/span>\n<\/div>\n<div class='wgl_col-12'>\n<span class=\"wpcf7-form-control-wrap\" data-name=\"textarea-876\"><textarea cols=\"40\" rows=\"10\" maxlength=\"2000\" class=\"wpcf7-form-control wpcf7-textarea\" aria-invalid=\"false\" placeholder=\"Mensaje...\" name=\"textarea-876\"><\/textarea><\/span>\n<\/div>\n<\/div>\n\n<span class=\"wpcf7-form-control-wrap recaptcha\" data-name=\"recaptcha\"><span data-sitekey=\"6LfzfvsqAAAAAOVfX8ZXe4xqxc_n_hmL63w-DsR7\" class=\"wpcf7-form-control wpcf7-recaptcha g-recaptcha\"><\/span>\r\n<noscript>\r\n\t<div class=\"grecaptcha-noscript\">\r\n\t\t<iframe loading=\"lazy\" src=\"https:\/\/www.google.com\/recaptcha\/api\/fallback?k=6LfzfvsqAAAAAOVfX8ZXe4xqxc_n_hmL63w-DsR7\" frameborder=\"0\" scrolling=\"no\" width=\"310\" height=\"430\">\r\n\t\t<\/iframe>\r\n\t\t<textarea name=\"g-recaptcha-response\" rows=\"3\" cols=\"40\" placeholder=\"reCaptcha Response Here\">\r\n\t\t<\/textarea>\r\n\t<\/div>\r\n<\/noscript>\r\n<\/span>\n\n<input class=\"wpcf7-form-control wpcf7-submit has-spinner\" type=\"submit\" value=\"Enviar\" \/>\n<span class=\"wpcf7-form-control-wrap\" data-name=\"acceptance-146\"><span class=\"wpcf7-form-control wpcf7-acceptance\"><span class=\"wpcf7-list-item\"><label><input type=\"checkbox\" name=\"acceptance-146\" value=\"1\" aria-invalid=\"false\" \/><span class=\"wpcf7-list-item-label\">Acepto la <a href=\"https:\/\/saludsiguenza.es\/?page_id=2482\/\"> Pol\u00edtica de Privacidad<\/a><\/span><\/label><\/span><\/span><\/span><input type='hidden' class='wpcf7-pum' value='{\"closepopup\":false,\"closedelay\":0,\"openpopup\":false,\"openpopup_id\":0}' \/><div class=\"wpcf7-response-output\" aria-hidden=\"true\"><\/div>\n<\/form>\n<\/div>\n\n<p>\t\t\t\t\t\t\t\t\t\t\t\t\t<img loading=\"lazy\" decoding=\"async\" width=\"1000\" height=\"667\" src=\"https:\/\/saludsiguenza.es\/wp-content\/uploads\/2024\/03\/equipo1-1.jpg\" alt=\"\" srcset=\"https:\/\/saludsiguenza.es\/wp-content\/uploads\/2024\/03\/equipo1-1.jpg 1000w, https:\/\/saludsiguenza.es\/wp-content\/uploads\/2024\/03\/equipo1-1-300x200.jpg 300w, https:\/\/saludsiguenza.es\/wp-content\/uploads\/2024\/03\/equipo1-1-768x512.jpg 768w\" sizes=\"auto, (max-width: 1000px) 100vw, 1000px\" \/><\/p>\n","protected":false},"excerpt":{"rendered":"<p>Contactar Estamos en: No dude en llamarnos para cualquier consulta o atenci\u00f3n que necesite Llamar 24\/7 +34 686 357 922 Correo electr\u00f3nico consulta@saludsiguenza.es Localizaci\u00f3n Parque Sta. Librada, 7 Bajo19250-Sig\u00fcenza Formulario Contacte por escrito<\/p>\n","protected":false},"author":1,"featured_media":0,"parent":0,"menu_order":0,"comment_status":"closed","ping_status":"closed","template":"","meta":{"footnotes":""},"class_list":["post-228","page","type-page","status-publish","hentry"],"yoast_head":"<!-- This site is optimized with the Yoast SEO plugin v25.8 - https:\/\/yoast.com\/wordpress\/plugins\/seo\/ -->\n<title>Contactar - Cl\u00ednica Salud Sig\u00fcenza<\/title>\n<meta name=\"robots\" content=\"index, follow, max-snippet:-1, max-image-preview:large, max-video-preview:-1\" \/>\n<link rel=\"canonical\" href=\"https:\/\/saludsiguenza.es\/?page_id=228\" \/>\n<meta property=\"og:locale\" content=\"es_ES\" \/>\n<meta property=\"og:type\" content=\"article\" \/>\n<meta property=\"og:title\" content=\"Contactar - Cl\u00ednica Salud Sig\u00fcenza\" \/>\n<meta property=\"og:description\" content=\"Contactar Estamos en: No dude en llamarnos para cualquier consulta o atenci\u00f3n que necesite Llamar 24\/7 +34 686 357 922 Correo electr\u00f3nico consulta@saludsiguenza.es Localizaci\u00f3n Parque Sta. Librada, 7 Bajo19250-Sig\u00fcenza Formulario Contacte por escrito\" \/>\n<meta property=\"og:url\" content=\"https:\/\/saludsiguenza.es\/?page_id=228\" \/>\n<meta property=\"og:site_name\" content=\"Cl\u00ednica Salud Sig\u00fcenza\" \/>\n<meta property=\"article:modified_time\" content=\"2024-05-07T17:43:52+00:00\" \/>\n<meta property=\"og:image\" content=\"https:\/\/saludsiguenza.es\/wp-content\/uploads\/2024\/03\/equipo1-1.jpg\" \/>\n<meta name=\"twitter:card\" content=\"summary_large_image\" \/>\n<meta name=\"twitter:label1\" content=\"Tiempo de lectura\" \/>\n\t<meta name=\"twitter:data1\" content=\"1 minuto\" \/>\n<script type=\"application\/ld+json\" class=\"yoast-schema-graph\">{\"@context\":\"https:\/\/schema.org\",\"@graph\":[{\"@type\":\"WebPage\",\"@id\":\"https:\/\/saludsiguenza.es\/?page_id=228\",\"url\":\"https:\/\/saludsiguenza.es\/?page_id=228\",\"name\":\"Contactar - Cl\u00ednica Salud Sig\u00fcenza\",\"isPartOf\":{\"@id\":\"https:\/\/saludsiguenza.es\/#website\"},\"primaryImageOfPage\":{\"@id\":\"https:\/\/saludsiguenza.es\/?page_id=228#primaryimage\"},\"image\":{\"@id\":\"https:\/\/saludsiguenza.es\/?page_id=228#primaryimage\"},\"thumbnailUrl\":\"https:\/\/saludsiguenza.es\/wp-content\/uploads\/2024\/03\/equipo1-1.jpg\",\"datePublished\":\"2019-08-01T13:14:13+00:00\",\"dateModified\":\"2024-05-07T17:43:52+00:00\",\"breadcrumb\":{\"@id\":\"https:\/\/saludsiguenza.es\/?page_id=228#breadcrumb\"},\"inLanguage\":\"es\",\"potentialAction\":[{\"@type\":\"ReadAction\",\"target\":[\"https:\/\/saludsiguenza.es\/?page_id=228\"]}]},{\"@type\":\"ImageObject\",\"inLanguage\":\"es\",\"@id\":\"https:\/\/saludsiguenza.es\/?page_id=228#primaryimage\",\"url\":\"https:\/\/saludsiguenza.es\/wp-content\/uploads\/2024\/03\/equipo1-1.jpg\",\"contentUrl\":\"https:\/\/saludsiguenza.es\/wp-content\/uploads\/2024\/03\/equipo1-1.jpg\",\"width\":1000,\"height\":667},{\"@type\":\"BreadcrumbList\",\"@id\":\"https:\/\/saludsiguenza.es\/?page_id=228#breadcrumb\",\"itemListElement\":[{\"@type\":\"ListItem\",\"position\":1,\"name\":\"Portada\",\"item\":\"https:\/\/saludsiguenza.es\/\"},{\"@type\":\"ListItem\",\"position\":2,\"name\":\"Contactar\"}]},{\"@type\":\"WebSite\",\"@id\":\"https:\/\/saludsiguenza.es\/#website\",\"url\":\"https:\/\/saludsiguenza.es\/\",\"name\":\"Cl\u00ednica Salud Sig\u00fcenza\",\"description\":\"Consulta medicina general y enfermer\u00eda\",\"potentialAction\":[{\"@type\":\"SearchAction\",\"target\":{\"@type\":\"EntryPoint\",\"urlTemplate\":\"https:\/\/saludsiguenza.es\/?s={search_term_string}\"},\"query-input\":{\"@type\":\"PropertyValueSpecification\",\"valueRequired\":true,\"valueName\":\"search_term_string\"}}],\"inLanguage\":\"es\"}]}<\/script>\n<!-- \/ Yoast SEO plugin. -->","yoast_head_json":{"title":"Contactar - Cl\u00ednica Salud Sig\u00fcenza","robots":{"index":"index","follow":"follow","max-snippet":"max-snippet:-1","max-image-preview":"max-image-preview:large","max-video-preview":"max-video-preview:-1"},"canonical":"https:\/\/saludsiguenza.es\/?page_id=228","og_locale":"es_ES","og_type":"article","og_title":"Contactar - Cl\u00ednica Salud Sig\u00fcenza","og_description":"Contactar Estamos en: No dude en llamarnos para cualquier consulta o atenci\u00f3n que necesite Llamar 24\/7 +34 686 357 922 Correo electr\u00f3nico consulta@saludsiguenza.es Localizaci\u00f3n Parque Sta. Librada, 7 Bajo19250-Sig\u00fcenza Formulario Contacte por escrito","og_url":"https:\/\/saludsiguenza.es\/?page_id=228","og_site_name":"Cl\u00ednica Salud Sig\u00fcenza","article_modified_time":"2024-05-07T17:43:52+00:00","og_image":[{"url":"https:\/\/saludsiguenza.es\/wp-content\/uploads\/2024\/03\/equipo1-1.jpg","type":"","width":"","height":""}],"twitter_card":"summary_large_image","twitter_misc":{"Tiempo de lectura":"1 minuto"},"schema":{"@context":"https:\/\/schema.org","@graph":[{"@type":"WebPage","@id":"https:\/\/saludsiguenza.es\/?page_id=228","url":"https:\/\/saludsiguenza.es\/?page_id=228","name":"Contactar - Cl\u00ednica Salud Sig\u00fcenza","isPartOf":{"@id":"https:\/\/saludsiguenza.es\/#website"},"primaryImageOfPage":{"@id":"https:\/\/saludsiguenza.es\/?page_id=228#primaryimage"},"image":{"@id":"https:\/\/saludsiguenza.es\/?page_id=228#primaryimage"},"thumbnailUrl":"https:\/\/saludsiguenza.es\/wp-content\/uploads\/2024\/03\/equipo1-1.jpg","datePublished":"2019-08-01T13:14:13+00:00","dateModified":"2024-05-07T17:43:52+00:00","breadcrumb":{"@id":"https:\/\/saludsiguenza.es\/?page_id=228#breadcrumb"},"inLanguage":"es","potentialAction":[{"@type":"ReadAction","target":["https:\/\/saludsiguenza.es\/?page_id=228"]}]},{"@type":"ImageObject","inLanguage":"es","@id":"https:\/\/saludsiguenza.es\/?page_id=228#primaryimage","url":"https:\/\/saludsiguenza.es\/wp-content\/uploads\/2024\/03\/equipo1-1.jpg","contentUrl":"https:\/\/saludsiguenza.es\/wp-content\/uploads\/2024\/03\/equipo1-1.jpg","width":1000,"height":667},{"@type":"BreadcrumbList","@id":"https:\/\/saludsiguenza.es\/?page_id=228#breadcrumb","itemListElement":[{"@type":"ListItem","position":1,"name":"Portada","item":"https:\/\/saludsiguenza.es\/"},{"@type":"ListItem","position":2,"name":"Contactar"}]},{"@type":"WebSite","@id":"https:\/\/saludsiguenza.es\/#website","url":"https:\/\/saludsiguenza.es\/","name":"Cl\u00ednica Salud Sig\u00fcenza","description":"Consulta medicina general y enfermer\u00eda","potentialAction":[{"@type":"SearchAction","target":{"@type":"EntryPoint","urlTemplate":"https:\/\/saludsiguenza.es\/?s={search_term_string}"},"query-input":{"@type":"PropertyValueSpecification","valueRequired":true,"valueName":"search_term_string"}}],"inLanguage":"es"}]}},"_links":{"self":[{"href":"https:\/\/saludsiguenza.es\/index.php?rest_route=\/wp\/v2\/pages\/228","targetHints":{"allow":["GET"]}}],"collection":[{"href":"https:\/\/saludsiguenza.es\/index.php?rest_route=\/wp\/v2\/pages"}],"about":[{"href":"https:\/\/saludsiguenza.es\/index.php?rest_route=\/wp\/v2\/types\/page"}],"author":[{"embeddable":true,"href":"https:\/\/saludsiguenza.es\/index.php?rest_route=\/wp\/v2\/users\/1"}],"replies":[{"embeddable":true,"href":"https:\/\/saludsiguenza.es\/index.php?rest_route=%2Fwp%2Fv2%2Fcomments&post=228"}],"version-history":[{"count":16,"href":"https:\/\/saludsiguenza.es\/index.php?rest_route=\/wp\/v2\/pages\/228\/revisions"}],"predecessor-version":[{"id":2521,"href":"https:\/\/saludsiguenza.es\/index.php?rest_route=\/wp\/v2\/pages\/228\/revisions\/2521"}],"wp:attachment":[{"href":"https:\/\/saludsiguenza.es\/index.php?rest_route=%2Fwp%2Fv2%2Fmedia&parent=228"}],"curies":[{"name":"wp","href":"https:\/\/api.w.org\/{rel}","templated":true}]}}